{"id":2007,"date":"2025-03-19T16:19:13","date_gmt":"2025-03-19T13:19:13","guid":{"rendered":"https:\/\/ankaratoplusms.vivabilgisayar.net\/?page_id=2007"},"modified":"2025-03-19T16:19:13","modified_gmt":"2025-03-19T13:19:13","slug":"panele-giris-yap","status":"publish","type":"page","link":"https:\/\/ankaratoplusms.vivabilgisayar.net\/?page_id=2007","title":{"rendered":"PANELE G\u0130R\u0130\u015e YAP"},"content":{"rendered":"","protected":false},"excerpt":{"rendered":"","protected":false},"author":1,"featured_media":0,"parent":0,"menu_order":0,"comment_status":"closed","ping_status":"closed","template":"","meta":{"_monsterinsights_skip_tracking":false,"_monsterinsights_sitenote_active":false,"_monsterinsights_sitenote_note":"","_monsterinsights_sitenote_category":0,"footnotes":""},"class_list":["post-2007","page","type-page","status-publish","hentry"],"aioseo_notices":[],"_links":{"self":[{"href":"https:\/\/ankaratoplusms.vivabilgisayar.net\/index.php?rest_route=\/wp\/v2\/pages\/2007","targetHints":{"allow":["GET"]}}],"collection":[{"href":"https:\/\/ankaratoplusms.vivabilgisayar.net\/index.php?rest_route=\/wp\/v2\/pages"}],"about":[{"href":"https:\/\/ankaratoplusms.vivabilgisayar.net\/index.php?rest_route=\/wp\/v2\/types\/page"}],"author":[{"embeddable":true,"href":"https:\/\/ankaratoplusms.vivabilgisayar.net\/index.php?rest_route=\/wp\/v2\/users\/1"}],"replies":[{"embeddable":true,"href":"https:\/\/ankaratoplusms.vivabilgisayar.net\/index.php?rest_route=%2Fwp%2Fv2%2Fcomments&post=2007"}],"version-history":[{"count":1,"href":"https:\/\/ankaratoplusms.vivabilgisayar.net\/index.php?rest_route=\/wp\/v2\/pages\/2007\/revisions"}],"predecessor-version":[{"id":2008,"href":"https:\/\/ankaratoplusms.vivabilgisayar.net\/index.php?rest_route=\/wp\/v2\/pages\/2007\/revisions\/2008"}],"wp:attachment":[{"href":"https:\/\/ankaratoplusms.vivabilgisayar.net\/index.php?rest_route=%2Fwp%2Fv2%2Fmedia&parent=2007"}],"curies":[{"name":"wp","href":"https:\/\/api.w.org\/{rel}","templated":true}]}}