{"id":777,"date":"2024-01-04T12:27:59","date_gmt":"2024-01-04T12:27:59","guid":{"rendered":"https:\/\/wotechtheme.com\/wp\/wotech\/?page_id=777"},"modified":"2025-03-22T17:11:49","modified_gmt":"2025-03-22T14:11:49","slug":"about","status":"publish","type":"page","link":"https:\/\/ankaratoplusms.vivabilgisayar.net\/?page_id=777","title":{"rendered":"About"},"content":{"rendered":"\t\t<div data-elementor-type=\"wp-page\" data-elementor-id=\"777\" class=\"elementor elementor-777\">\n\t\t\t\t<div class=\"elementor-element elementor-element-4ee80fa e-con-full e-flex e-con e-parent\" data-id=\"4ee80fa\" data-element_type=\"container\">\n\t\t<div class=\"elementor-element elementor-element-3a4c37b e-con-full e-flex e-con e-child\" data-id=\"3a4c37b\" data-element_type=\"container\">\n\t\t\t\t<div class=\"elementor-element elementor-element-d353021 elementor-widget elementor-widget-about_with_contact\" data-id=\"d353021\" data-element_type=\"widget\" data-widget_type=\"about_with_contact.default\">\n\t\t\t\t<div class=\"elementor-widget-container\">\n\t\t\t\t\t\r\n\r\n\t <script>\r\n jQuery(document).ready(function($) {\r\n\r\n\/\/write js code under this line \r\n\r\n\r\n\r\n\/\/write code above the line \r\n\r\n  });\r\n<\/script>\r\n\r\n  <!-- About us area start --> \r\n\r\n<section class=\"about-us-section section-space p-relative\">\r\n   <div class=\"shape-area\">\r\n      <div class=\"shape-1\" data-background=\"https:\/\/ankaratoplusms.vivabilgisayar.net\/wp-content\/uploads\/2024\/02\/bg-shape-1.png\"><\/div>\r\n      <div class=\"shape-2 quote-animation\" data-background=\"https:\/\/ankaratoplusms.vivabilgisayar.net\/wp-content\/uploads\/2024\/02\/shape-7.png\"><\/div>\r\n      <div class=\"shape-3 quote-animation\" data-background=\"https:\/\/ankaratoplusms.vivabilgisayar.net\/wp-content\/uploads\/2024\/02\/shape-8.png\"><\/div>\r\n   <\/div>\r\n   <div class=\"small-container\">\r\n      <div class=\"row g-4\">\r\n         <div class=\"col-xxl-6 col-xl-6 col-lg-6\">\r\n            <!-- image area start -->\r\n            <div class=\"about-us-image-area p-relative wow fadeInRight\" data-wow-delay=\".5s\">\r\n               <div class=\"border-shape\" data-background=\"https:\/\/ankaratoplusms.vivabilgisayar.net\/wp-content\/uploads\/2024\/02\/shape-6.png\"><\/div>\r\n               <figure class=\"image-1\">\r\n\t\t\t   \t   \r\n\t\t\t\t\t<img decoding=\"async\" src=\"https:\/\/ankaratoplusms.vivabilgisayar.net\/wp-content\/uploads\/2024\/02\/about-1.jpg\" alt=\"\"\/>\r\n\t\t\t\t               <\/figure>\r\n               <div class=\"image-2-area\">\r\n                  <div class=\"image-2 p-relative\">\r\n\t\t\t\t\t   \r\n\t\t\t\t\t\t<img decoding=\"async\" src=\"https:\/\/ankaratoplusms.vivabilgisayar.net\/wp-content\/uploads\/2024\/02\/about-2.jpg\" alt=\"\"\/>\r\n\t\t\t\t\t \r\n                     <div class=\"play-btn\">\r\n                        <div class=\"video_player_btn\">\r\n                           <a href=\"\" class=\"popup-video\"><i class=\"icon-play\"><\/i><\/a>\r\n                       <\/div>\r\n                     <\/div>                                 \r\n                  <\/div>                  \r\n               <\/div>\r\n               <div class=\"working-area float-bob-y\">\r\n\t\t\t                    <div class=\"inner p-relative\">\r\n                     <div class=\"icon-box\">\r\n                        <i class=\" icon-prize\"><\/i>\r\n                        <h4><span class=\"counter\">25<\/span> Y\u0131ll\u0131k<\/h4>\r\n                        <p>Tecr\u00fcbe<\/p>\r\n                     <\/div>\r\n                 <\/div>\r\n\t\t\t\t                <\/div>\r\n            <\/div>\r\n            <!-- image area end -->\r\n         <\/div>\r\n         <div class=\"col-xxl-6 col-xl-6 col-lg-6\">\r\n            <!-- .content start -->\r\n            <div class=\"about-us-content-area p-relative z-1 pl-30\">\r\n               <div class=\"title-box mb-35 wow fadeInLeft\" data-wow-delay=\".5s\">\r\n                  <span class=\"section-sub-title\">Kurumsal<\/span>\r\n                  <h3 class=\"section-title mt-10\">Ankara Toplu SMS ile H\u0131zl\u0131, G\u00fcvenilir ve Ekonomik \u0130leti\u015fim<\/h3>\r\n               <\/div>\r\n               <p class=\"mb-35 wow fadeInLeft\" data-wow-delay=\".5s\">Firmam\u0131z, kurumsal ve bireysel m\u00fc\u015fterilere y\u00f6nelik h\u0131zl\u0131, g\u00fcvenilir ve ekonomik toplu SMS \u00e7\u00f6z\u00fcmleri sunarak ileti\u015fimde s\u0131n\u0131rlar\u0131 kald\u0131rmay\u0131 hedeflemektedir. Teknolojiyi en iyi \u015fekilde kullanarak, i\u015fletmelerin hedef kitlelerine an\u0131nda ve etkili bir \u015fekilde ula\u015fmas\u0131n\u0131 sa\u011fl\u0131yoruz. M\u00fc\u015fteri memnuniyeti odakl\u0131 yakla\u015f\u0131m\u0131m\u0131z, g\u00fc\u00e7l\u00fc altyap\u0131m\u0131z ve yenilik\u00e7i \u00e7\u00f6z\u00fcmlerimizle sekt\u00f6rde \u00f6nc\u00fc konumda olmay\u0131 s\u00fcrd\u00fcr\u00fcyoruz.<\/p>\r\n\t\t\t                  <div class=\"icon-box mb-20 wow fadeInLeft\" data-wow-delay=\".8s\">\r\n                  <div class=\"icon\">\r\n\t\t\t\t  \t\t\t\t\t\t\t<img decoding=\"async\" src=\"https:\/\/ankaratoplusms.vivabilgisayar.net\/wp-content\/uploads\/2024\/02\/about-three-icon1.png\" alt=\"\">\r\n\t\t\t\t\t                  <\/div>\r\n                  <div class=\"content\">\r\n                     <h5><a href=\"\">Vizyonumuz\n<\/a><\/h5>\r\n                     <p>Dijital ileti\u015fim alan\u0131nda yenilik\u00e7i ve lider bir marka olmak, i\u015fletmelere en h\u0131zl\u0131 ve en etkili mesajla\u015fma \u00e7\u00f6z\u00fcmlerini sunarak g\u00fc\u00e7l\u00fc bir ileti\u015fim a\u011f\u0131 olu\u015fturmalar\u0131na katk\u0131 sa\u011flamak.<\/p>\r\n                  <\/div>\r\n               <\/div>\r\n\t\t\t                  <div class=\"icon-box mb-20 wow fadeInLeft\" data-wow-delay=\".8s\">\r\n                  <div class=\"icon\">\r\n\t\t\t\t  \t\t\t\t\t\t\t<img decoding=\"async\" src=\"https:\/\/ankaratoplusms.vivabilgisayar.net\/wp-content\/uploads\/2024\/02\/about-three-icon2.png\" alt=\"\">\r\n\t\t\t\t\t                  <\/div>\r\n                  <div class=\"content\">\r\n                     <h5><a href=\"\">Misyonumuz<\/a><\/h5>\r\n                     <p>G\u00fc\u00e7l\u00fc teknolojik altyap\u0131m\u0131z ve m\u00fc\u015fteri odakl\u0131 hizmet anlay\u0131\u015f\u0131m\u0131zla, firmalar\u0131n ve bireylerin daha h\u0131zl\u0131, daha g\u00fcvenilir ve daha ekonomik ileti\u015fim kurmalar\u0131na olanak tan\u0131mak.<\/p>\r\n                  <\/div>\r\n               <\/div>\r\n\t\t\t                  <div class=\"about-btn-box wow fadeInLeft\" data-wow-delay=\"1s\">\r\n                  <a class=\"primary-btn-1 btn-hover\" href=\"\">\r\n\t\t\t\t  Kurumsal &nbsp; | <i class=\"icon-right-arrow\"><\/i>\r\n                     <span style=\"top: 147.172px; left: 108.5px;\"><\/span>\r\n                  <\/a>\r\n               <\/div>\r\n            <\/div>\r\n            <!-- .content end -->\r\n         <\/div>\r\n      <\/div>\r\n   <\/div>\r\n<\/section>\r\n\r\n <!-- About us area end --> \r\n\r\n\r\n\r\n             \r\n\t\t\t\t\t\t<\/div>\n\t\t\t\t<\/div>\n\t\t\t\t<\/div>\n\t\t\t\t<\/div>\n\t\t\t\t<\/div>\n\t\t","protected":false},"excerpt":{"rendered":"<p>25 Y\u0131ll\u0131k Tecr\u00fcbe Kurumsal Ankara Toplu SMS ile H\u0131zl\u0131, G\u00fcvenilir ve Ekonomik \u0130leti\u015fim Firmam\u0131z, kurumsal ve bireysel m\u00fc\u015fterilere y\u00f6nelik h\u0131zl\u0131, g\u00fcvenilir ve ekonomik toplu SMS \u00e7\u00f6z\u00fcmleri sunarak ileti\u015fimde s\u0131n\u0131rlar\u0131 kald\u0131rmay\u0131 hedeflemektedir. Teknolojiyi en iyi \u015fekilde kullanarak, i\u015fletmelerin hedef kitlelerine an\u0131nda ve etkili bir \u015fekilde ula\u015fmas\u0131n\u0131 sa\u011fl\u0131yoruz. M\u00fc\u015fteri memnuniyeti odakl\u0131 yakla\u015f\u0131m\u0131m\u0131z, g\u00fc\u00e7l\u00fc altyap\u0131m\u0131z ve yenilik\u00e7i \u00e7\u00f6z\u00fcmlerimizle [&hellip;]<\/p>\n","protected":false},"author":1,"featured_media":0,"parent":0,"menu_order":0,"comment_status":"closed","ping_status":"closed","template":"elementor_header_footer","meta":{"_monsterinsights_skip_tracking":false,"_monsterinsights_sitenote_active":false,"_monsterinsights_sitenote_note":"","_monsterinsights_sitenote_category":0,"footnotes":""},"class_list":["post-777","page","type-page","status-publish","hentry"],"aioseo_notices":[],"_links":{"self":[{"href":"https:\/\/ankaratoplusms.vivabilgisayar.net\/index.php?rest_route=\/wp\/v2\/pages\/777","targetHints":{"allow":["GET"]}}],"collection":[{"href":"https:\/\/ankaratoplusms.vivabilgisayar.net\/index.php?rest_route=\/wp\/v2\/pages"}],"about":[{"href":"https:\/\/ankaratoplusms.vivabilgisayar.net\/index.php?rest_route=\/wp\/v2\/types\/page"}],"author":[{"embeddable":true,"href":"https:\/\/ankaratoplusms.vivabilgisayar.net\/index.php?rest_route=\/wp\/v2\/users\/1"}],"replies":[{"embeddable":true,"href":"https:\/\/ankaratoplusms.vivabilgisayar.net\/index.php?rest_route=%2Fwp%2Fv2%2Fcomments&post=777"}],"version-history":[{"count":4,"href":"https:\/\/ankaratoplusms.vivabilgisayar.net\/index.php?rest_route=\/wp\/v2\/pages\/777\/revisions"}],"predecessor-version":[{"id":2041,"href":"https:\/\/ankaratoplusms.vivabilgisayar.net\/index.php?rest_route=\/wp\/v2\/pages\/777\/revisions\/2041"}],"wp:attachment":[{"href":"https:\/\/ankaratoplusms.vivabilgisayar.net\/index.php?rest_route=%2Fwp%2Fv2%2Fmedia&parent=777"}],"curies":[{"name":"wp","href":"https:\/\/api.w.org\/{rel}","templated":true}]}}