{"id":841,"date":"2024-01-04T15:06:09","date_gmt":"2024-01-04T15:06:09","guid":{"rendered":"https:\/\/wotechtheme.com\/wp\/wotech\/?page_id=841"},"modified":"2025-03-22T17:32:50","modified_gmt":"2025-03-22T14:32:50","slug":"faq","status":"publish","type":"page","link":"https:\/\/ankaratoplusms.vivabilgisayar.net\/?page_id=841","title":{"rendered":"S.S.S"},"content":{"rendered":"\t\t<div data-elementor-type=\"wp-page\" data-elementor-id=\"841\" class=\"elementor elementor-841\">\n\t\t\t\t<div class=\"elementor-element elementor-element-b9b07ea e-con-full e-flex e-con e-parent\" data-id=\"b9b07ea\" data-element_type=\"container\">\n\t\t\t\t<div class=\"elementor-element elementor-element-88823a9 elementor-widget elementor-widget-faq_accordion\" data-id=\"88823a9\" data-element_type=\"widget\" data-widget_type=\"faq_accordion.default\">\n\t\t\t\t<div class=\"elementor-widget-container\">\n\t\t\t\t\t\r\n\r\n\t <script>\r\n jQuery(document).ready(function($) {\r\n\r\n\/\/write js code under this line \r\n\r\n\r\n\/\/write code above the line \r\n\r\n  });\r\n<\/script>\r\n\t<section class=\"faq-page-section section-space\">\r\n   <div class=\"small-container\">\r\n      <div class=\"row\">\r\n         <div class=\"col-xxl-7 col-xl-7 col-lg-7\">\r\n            <div class=\"faq-wrapper pr-80\">\r\n               <div class=\"title-box mb-25 wow fadeInLeft\" data-wow-delay=\".5s\">\r\n                  <span class=\"section-sub-title no-border\">SIK\u00c7A SORULAN SORULAR<\/span>\r\n                  <h3 class=\"section-title mt-10\">Ankara'da Toplu SMS Hakk\u0131nda Merak Ettikleriniz<\/h3>\r\n               <\/div>\r\n               <div class=\"bd-faq\">\r\n                  <div class=\"accordion\" id=\"accordionExample-st-2\">\r\n\t\t\t\t  \t\t<div class=\"bd-faq-group\">\r\n\t\t\t\t\t\t\t                           <div class=\"accordion-item\">\r\n                              <h2 class=\"accordion-header\" id=\"heading45f3539-st-2\">\r\n                                 <button class=\"accordion-button \" type=\"button\" data-bs-toggle=\"collapse\"\r\n                                    data-bs-target=\"#collapse45f3539-st-2\" aria-expanded=\"true\"\r\n                                    aria-controls=\"collapse45f3539-st-2\">\r\n\r\n                                    Toplu SMS g\u00f6nderirken al\u0131c\u0131lar birbirinin numaras\u0131n\u0131 g\u00f6rebilir mi?\r\n                                 <\/button>\r\n                              <\/h2>\r\n                              <div id=\"collapse45f3539-st-2\" class=\"accordion-collapse collapse show\"\r\n                                 aria-labelledby=\"heading45f3539-st-2\" data-bs-parent=\"#accordionExample-st-2subtitlefaq-471440955\">\r\n                                 <div class=\"accordion-body\">\r\n\r\n\t\t\t\t\t\t\t\t \tHay\u0131r. Toplu SMS sistemleri, her mesaj\u0131 bireysel olarak g\u00f6nderdi\u011fi i\u00e7in al\u0131c\u0131lar birbirinin numaras\u0131n\u0131 g\u00f6remez.\r\n                                 <\/div>\r\n                              <\/div>\r\n                           <\/div>\r\n\t\t\t\t\t\t                              <div class=\"accordion-item\">\r\n                              <h2 class=\"accordion-header\" id=\"heading57b84b5-st-2\">\r\n                                 <button class=\"accordion-button collapsed\" type=\"button\" data-bs-toggle=\"collapse\"\r\n                                    data-bs-target=\"#collapse57b84b5-st-2\" aria-expanded=\"true\"\r\n                                    aria-controls=\"collapse57b84b5-st-2\">\r\n\r\n                                    Ankara'da en uygun toplu SMS fiyatlar\u0131 nas\u0131l belirlenir?\r\n                                 <\/button>\r\n                              <\/h2>\r\n                              <div id=\"collapse57b84b5-st-2\" class=\"accordion-collapse collapse \"\r\n                                 aria-labelledby=\"heading57b84b5-st-2\" data-bs-parent=\"#accordionExample-st-2subtitlefaq-471440955\">\r\n                                 <div class=\"accordion-body\">\r\n\r\n\t\t\t\t\t\t\t\t \t Fiyatlar, SMS hacmi, operat\u00f6r se\u00e7imi ve paket kampanyalar\u0131na g\u00f6re de\u011fi\u015fir. Genellikle b\u00fcy\u00fck \u00f6l\u00e7ekli al\u0131mlarda birim fiyat daha d\u00fc\u015f\u00fck olur.\r\n                                 <\/div>\r\n                              <\/div>\r\n                           <\/div>\r\n\t\t\t\t\t\t                              <div class=\"accordion-item\">\r\n                              <h2 class=\"accordion-header\" id=\"heading886c456-st-2\">\r\n                                 <button class=\"accordion-button collapsed\" type=\"button\" data-bs-toggle=\"collapse\"\r\n                                    data-bs-target=\"#collapse886c456-st-2\" aria-expanded=\"true\"\r\n                                    aria-controls=\"collapse886c456-st-2\">\r\n\r\n                                    G\u00f6nderdi\u011fim SMS\u2019lerin ula\u015f\u0131p ula\u015fmad\u0131\u011f\u0131n\u0131 nas\u0131l takip edebilirim?\r\n                                 <\/button>\r\n                              <\/h2>\r\n                              <div id=\"collapse886c456-st-2\" class=\"accordion-collapse collapse \"\r\n                                 aria-labelledby=\"heading886c456-st-2\" data-bs-parent=\"#accordionExample-st-2subtitlefaq-471440955\">\r\n                                 <div class=\"accordion-body\">\r\n\r\n\t\t\t\t\t\t\t\t \tToplu SMS servisleri, \"Raporlama\" \u00f6zelli\u011fi sunar. Bu sayede hangi mesaj\u0131n ba\u015far\u0131yla ula\u015ft\u0131\u011f\u0131n\u0131, hangisinin ba\u015far\u0131s\u0131z oldu\u011funu kolayca takip edebilirsiniz.\r\n                                 <\/div>\r\n                              <\/div>\r\n                           <\/div>\r\n\t\t\t\t\t\t                              <div class=\"accordion-item\">\r\n                              <h2 class=\"accordion-header\" id=\"heading7105a5f-st-2\">\r\n                                 <button class=\"accordion-button collapsed\" type=\"button\" data-bs-toggle=\"collapse\"\r\n                                    data-bs-target=\"#collapse7105a5f-st-2\" aria-expanded=\"true\"\r\n                                    aria-controls=\"collapse7105a5f-st-2\">\r\n\r\n                                    Toplu SMS G\u00f6nderiminde Karakter S\u0131n\u0131r\u0131 Var m\u0131?\r\n                                 <\/button>\r\n                              <\/h2>\r\n                              <div id=\"collapse7105a5f-st-2\" class=\"accordion-collapse collapse \"\r\n                                 aria-labelledby=\"heading7105a5f-st-2\" data-bs-parent=\"#accordionExample-st-2subtitlefaq-471440955\">\r\n                                 <div class=\"accordion-body\">\r\n\r\n\t\t\t\t\t\t\t\t \tEvet, tek bir SMS mesaj\u0131 160 karakterle s\u0131n\u0131rl\u0131d\u0131r. Ancak, mesaj\u0131n\u0131z 160 karakteri a\u015farsa, sistem bunu otomatik olarak b\u00f6lerek birden fazla SMS olarak g\u00f6nderir.\r\n                                 <\/div>\r\n                              <\/div>\r\n                           <\/div>\r\n\t\t\t\t\t\t                       \t<\/div>\r\n                  <\/div>\r\n               <\/div>\r\n            <\/div>\r\n         <\/div>\r\n         <div class=\"col-xxl-5 col-xl-5 col-lg-5\">\r\n            <figure class=\"w-img pt-15\">\r\n\t\t\t\t   \r\n\t\t\t\t\t<img decoding=\"async\" src=\"https:\/\/ankaratoplusms.vivabilgisayar.net\/wp-content\/uploads\/2024\/02\/faq-2.jpg\" alt=\"\"\/>\r\n\t\t\t\t            <\/figure>\r\n         <\/div>\r\n      <\/div>\r\n   <\/div>\r\n<\/section>\r\n\t\r\n\r\n\r\n\r\n             \r\n\t\t\t\t\t\t<\/div>\n\t\t\t\t<\/div>\n\t\t\t\t<\/div>\n\t\t\t\t<\/div>\n\t\t","protected":false},"excerpt":{"rendered":"<p>SIK\u00c7A SORULAN SORULAR Ankara&#8217;da Toplu SMS Hakk\u0131nda Merak Ettikleriniz Toplu SMS g\u00f6nderirken al\u0131c\u0131lar birbirinin numaras\u0131n\u0131 g\u00f6rebilir mi? Hay\u0131r. Toplu SMS sistemleri, her mesaj\u0131 bireysel olarak g\u00f6nderdi\u011fi i\u00e7in al\u0131c\u0131lar birbirinin numaras\u0131n\u0131 g\u00f6remez. Ankara&#8217;da en uygun toplu SMS fiyatlar\u0131 nas\u0131l belirlenir? Fiyatlar, SMS hacmi, operat\u00f6r se\u00e7imi ve paket kampanyalar\u0131na g\u00f6re de\u011fi\u015fir. Genellikle b\u00fcy\u00fck \u00f6l\u00e7ekli al\u0131mlarda birim fiyat [&hellip;]<\/p>\n","protected":false},"author":1,"featured_media":0,"parent":0,"menu_order":0,"comment_status":"closed","ping_status":"closed","template":"elementor_header_footer","meta":{"_monsterinsights_skip_tracking":false,"_monsterinsights_sitenote_active":false,"_monsterinsights_sitenote_note":"","_monsterinsights_sitenote_category":0,"footnotes":""},"class_list":["post-841","page","type-page","status-publish","hentry"],"aioseo_notices":[],"_links":{"self":[{"href":"https:\/\/ankaratoplusms.vivabilgisayar.net\/index.php?rest_route=\/wp\/v2\/pages\/841","targetHints":{"allow":["GET"]}}],"collection":[{"href":"https:\/\/ankaratoplusms.vivabilgisayar.net\/index.php?rest_route=\/wp\/v2\/pages"}],"about":[{"href":"https:\/\/ankaratoplusms.vivabilgisayar.net\/index.php?rest_route=\/wp\/v2\/types\/page"}],"author":[{"embeddable":true,"href":"https:\/\/ankaratoplusms.vivabilgisayar.net\/index.php?rest_route=\/wp\/v2\/users\/1"}],"replies":[{"embeddable":true,"href":"https:\/\/ankaratoplusms.vivabilgisayar.net\/index.php?rest_route=%2Fwp%2Fv2%2Fcomments&post=841"}],"version-history":[{"count":5,"href":"https:\/\/ankaratoplusms.vivabilgisayar.net\/index.php?rest_route=\/wp\/v2\/pages\/841\/revisions"}],"predecessor-version":[{"id":2070,"href":"https:\/\/ankaratoplusms.vivabilgisayar.net\/index.php?rest_route=\/wp\/v2\/pages\/841\/revisions\/2070"}],"wp:attachment":[{"href":"https:\/\/ankaratoplusms.vivabilgisayar.net\/index.php?rest_route=%2Fwp%2Fv2%2Fmedia&parent=841"}],"curies":[{"name":"wp","href":"https:\/\/api.w.org\/{rel}","templated":true}]}}